{"id":48,"date":"2021-02-01T19:35:23","date_gmt":"2021-02-01T19:35:23","guid":{"rendered":"https:\/\/fecorptech.com\/?page_id=48"},"modified":"2024-07-18T01:40:44","modified_gmt":"2024-07-18T01:40:44","slug":"blog","status":"publish","type":"page","link":"https:\/\/fecorptech.com\/en\/blog\/","title":{"rendered":"Blog"},"content":{"rendered":"<div data-elementor-type=\"wp-page\" data-elementor-id=\"48\" class=\"elementor elementor-48\" data-elementor-settings=\"{&quot;ha_cmc_init_switcher&quot;:&quot;no&quot;}\" data-elementor-post-type=\"page\">\n\t\t\t\t\t\t<section class=\"elementor-section elementor-top-section elementor-element elementor-element-7949213 elementor-section-full_width elementor-section-stretched elementor-section-height-min-height elementor-section-height-default elementor-section-items-middle\" data-id=\"7949213\" data-element_type=\"section\" data-e-type=\"section\" data-settings=\"{&quot;stretch_section&quot;:&quot;section-stretched&quot;,&quot;background_background&quot;:&quot;classic&quot;,&quot;_ha_eqh_enable&quot;:false}\">\n\t\t\t\t\t\t\t<div class=\"elementor-background-overlay\"><\/div>\n\t\t\t\t\t\t\t<div class=\"elementor-container elementor-column-gap-no\">\n\t\t\t\t\t<div class=\"elementor-column elementor-col-100 elementor-top-column elementor-element elementor-element-085b02f\" data-id=\"085b02f\" data-element_type=\"column\" data-e-type=\"column\">\n\t\t\t<div class=\"elementor-widget-wrap elementor-element-populated\">\n\t\t\t\t\t\t<div class=\"elementor-element elementor-element-248410a elementor-widget elementor-widget-heading\" data-id=\"248410a\" data-element_type=\"widget\" data-e-type=\"widget\" data-widget_type=\"heading.default\">\n\t\t\t\t<div class=\"elementor-widget-container\">\n\t\t\t\t\t<h2 class=\"elementor-heading-title elementor-size-default\">News<\/h2>\t\t\t\t<\/div>\n\t\t\t\t<\/div>\n\t\t\t\t\t<\/div>\n\t\t<\/div>\n\t\t\t\t\t<\/div>\n\t\t<\/section>\n\t\t\t\t<section class=\"elementor-section elementor-top-section elementor-element elementor-element-e9f11db elementor-section-height-min-height elementor-section-stretched elementor-section-boxed elementor-section-height-default elementor-section-items-middle\" data-id=\"e9f11db\" data-element_type=\"section\" data-e-type=\"section\" data-settings=\"{&quot;stretch_section&quot;:&quot;section-stretched&quot;,&quot;_ha_eqh_enable&quot;:false}\">\n\t\t\t\t\t\t<div class=\"elementor-container elementor-column-gap-default\">\n\t\t\t\t\t<div class=\"elementor-column elementor-col-100 elementor-top-column elementor-element elementor-element-dc5bcdc\" data-id=\"dc5bcdc\" data-element_type=\"column\" data-e-type=\"column\">\n\t\t\t<div class=\"elementor-widget-wrap elementor-element-populated\">\n\t\t\t\t\t\t<div class=\"elementor-element elementor-element-35f9056 elementor-grid-3 elementor-grid-tablet-2 elementor-grid-mobile-1 elementor-posts--thumbnail-top elementor-card-shadow-yes elementor-posts__hover-gradient elementor-widget elementor-widget-posts\" data-id=\"35f9056\" data-element_type=\"widget\" data-e-type=\"widget\" data-settings=\"{&quot;cards_columns&quot;:&quot;3&quot;,&quot;cards_columns_tablet&quot;:&quot;2&quot;,&quot;cards_columns_mobile&quot;:&quot;1&quot;,&quot;cards_row_gap&quot;:{&quot;unit&quot;:&quot;px&quot;,&quot;size&quot;:35,&quot;sizes&quot;:[]},&quot;cards_row_gap_tablet&quot;:{&quot;unit&quot;:&quot;px&quot;,&quot;size&quot;:&quot;&quot;,&quot;sizes&quot;:[]},&quot;cards_row_gap_mobile&quot;:{&quot;unit&quot;:&quot;px&quot;,&quot;size&quot;:&quot;&quot;,&quot;sizes&quot;:[]}}\" data-widget_type=\"posts.cards\">\n\t\t\t\t<div class=\"elementor-widget-container\">\n\t\t\t\t\t\t\t<div class=\"elementor-posts-container elementor-posts elementor-posts--skin-cards elementor-grid\">\n\t\t\t\t<article class=\"elementor-post elementor-grid-item post-7668 post type-post status-publish format-standard has-post-thumbnail hentry category-sin-categoria entry has-media\">\n\t\t\t<div class=\"elementor-post__card\">\n\t\t\t\t<a class=\"elementor-post__thumbnail__link\" href=\"https:\/\/fecorptech.com\/en\/una-nueva-perspectiva-sobre-el-trabajo-remoto-principales-factores\/\" tabindex=\"-1\"><div class=\"elementor-post__thumbnail\"><img decoding=\"async\" width=\"300\" height=\"150\" src=\"https:\/\/fecorptech.com\/wp-content\/uploads\/2021\/02\/Una-nueva-perspectiva-sobre-el-trabajo-remoto-300x150.jpg\" class=\"attachment-medium size-medium wp-image-11402\" alt=\"\" srcset=\"https:\/\/fecorptech.com\/wp-content\/uploads\/2021\/02\/Una-nueva-perspectiva-sobre-el-trabajo-remoto-300x150.jpg 300w, https:\/\/fecorptech.com\/wp-content\/uploads\/2021\/02\/Una-nueva-perspectiva-sobre-el-trabajo-remoto-1024x512.jpg 1024w, https:\/\/fecorptech.com\/wp-content\/uploads\/2021\/02\/Una-nueva-perspectiva-sobre-el-trabajo-remoto-768x384.jpg 768w, https:\/\/fecorptech.com\/wp-content\/uploads\/2021\/02\/Una-nueva-perspectiva-sobre-el-trabajo-remoto.jpg 1200w\" sizes=\"(max-width: 300px) 100vw, 300px\" \/><\/div><\/a>\n\t\t\t\t<div class=\"elementor-post__text\">\n\t\t\t\t<h3 class=\"elementor-post__title\">\n\t\t\t<a href=\"https:\/\/fecorptech.com\/en\/una-nueva-perspectiva-sobre-el-trabajo-remoto-principales-factores\/\">\n\t\t\t\tA new perspective on remote work: Main factors\t\t\t<\/a>\n\t\t<\/h3>\n\t\t\t\t<div class=\"elementor-post__excerpt\">\n\t\t\t<p>In the face of the lockdown we are experiencing due to the Covid-19 pandemic, more companies are joining in to completely change their business model<\/p>\n\t\t<\/div>\n\t\t\n\t\t<a class=\"elementor-post__read-more\" href=\"https:\/\/fecorptech.com\/en\/una-nueva-perspectiva-sobre-el-trabajo-remoto-principales-factores\/\" aria-label=\"Read more about A new perspective on remote work: Main factors\" tabindex=\"-1\">\n\t\t\tRead More &gt;&gt;\t\t<\/a>\n\n\t\t\t\t<\/div>\n\t\t\t\t<div class=\"elementor-post__meta-data\">\n\t\t\t\t\t<span class=\"elementor-post-date\">\n\t\t\t25 de February de 2021\t\t<\/span>\n\t\t\t\t<span class=\"elementor-post-avatar\">\n\t\t\tNo Comments\t\t<\/span>\n\t\t\t\t<\/div>\n\t\t\t\t\t<\/div>\n\t\t<\/article>\n\t\t\t\t<article class=\"elementor-post elementor-grid-item post-147 post type-post status-publish format-standard has-post-thumbnail hentry category-sin-categoria entry has-media\">\n\t\t\t<div class=\"elementor-post__card\">\n\t\t\t\t<a class=\"elementor-post__thumbnail__link\" href=\"https:\/\/fecorptech.com\/en\/wordpress-felizmente-aqui\/\" tabindex=\"-1\"><div class=\"elementor-post__thumbnail\"><img decoding=\"async\" width=\"300\" height=\"150\" src=\"https:\/\/fecorptech.com\/wp-content\/uploads\/2021\/02\/portada-blog-2-300x150.jpg\" class=\"attachment-medium size-medium wp-image-11455\" alt=\"\" srcset=\"https:\/\/fecorptech.com\/wp-content\/uploads\/2021\/02\/portada-blog-2-300x150.jpg 300w, https:\/\/fecorptech.com\/wp-content\/uploads\/2021\/02\/portada-blog-2-1024x512.jpg 1024w, https:\/\/fecorptech.com\/wp-content\/uploads\/2021\/02\/portada-blog-2-768x384.jpg 768w, https:\/\/fecorptech.com\/wp-content\/uploads\/2021\/02\/portada-blog-2.jpg 1200w\" sizes=\"(max-width: 300px) 100vw, 300px\" \/><\/div><\/a>\n\t\t\t\t<div class=\"elementor-post__text\">\n\t\t\t\t<h3 class=\"elementor-post__title\">\n\t\t\t<a href=\"https:\/\/fecorptech.com\/en\/wordpress-felizmente-aqui\/\">\n\t\t\t\tThe pandemic forces us to reimagine business models, intensifying 4 main focus areas\t\t\t<\/a>\n\t\t<\/h3>\n\t\t\t\t<div class=\"elementor-post__excerpt\">\n\t\t\t<p>Learn how Covid-19 has acted as a catalyst for a redesign of the workplace that will endure long after the pandemic and give rise to<\/p>\n\t\t<\/div>\n\t\t\n\t\t<a class=\"elementor-post__read-more\" href=\"https:\/\/fecorptech.com\/en\/wordpress-felizmente-aqui\/\" aria-label=\"Read more about The pandemic forces us to reimagine business models, intensifying 4 main focus areas\" tabindex=\"-1\">\n\t\t\tRead More &gt;&gt;\t\t<\/a>\n\n\t\t\t\t<\/div>\n\t\t\t\t<div class=\"elementor-post__meta-data\">\n\t\t\t\t\t<span class=\"elementor-post-date\">\n\t\t\t1 de February de 2021\t\t<\/span>\n\t\t\t\t<span class=\"elementor-post-avatar\">\n\t\t\tNo Comments\t\t<\/span>\n\t\t\t\t<\/div>\n\t\t\t\t\t<\/div>\n\t\t<\/article>\n\t\t\t\t<article class=\"elementor-post elementor-grid-item post-146 post type-post status-publish format-standard has-post-thumbnail hentry category-sin-categoria entry has-media\">\n\t\t\t<div class=\"elementor-post__card\">\n\t\t\t\t<a class=\"elementor-post__thumbnail__link\" href=\"https:\/\/fecorptech.com\/en\/wordpress-el-mejor-cms\/\" tabindex=\"-1\"><div class=\"elementor-post__thumbnail\"><img decoding=\"async\" width=\"300\" height=\"150\" src=\"https:\/\/fecorptech.com\/wp-content\/uploads\/2021\/02\/portada-blog-3-300x150.jpg\" class=\"attachment-medium size-medium wp-image-11457\" alt=\"\" srcset=\"https:\/\/fecorptech.com\/wp-content\/uploads\/2021\/02\/portada-blog-3-300x150.jpg 300w, https:\/\/fecorptech.com\/wp-content\/uploads\/2021\/02\/portada-blog-3-1024x512.jpg 1024w, https:\/\/fecorptech.com\/wp-content\/uploads\/2021\/02\/portada-blog-3-768x384.jpg 768w, https:\/\/fecorptech.com\/wp-content\/uploads\/2021\/02\/portada-blog-3.jpg 1200w\" sizes=\"(max-width: 300px) 100vw, 300px\" \/><\/div><\/a>\n\t\t\t\t<div class=\"elementor-post__text\">\n\t\t\t\t<h3 class=\"elementor-post__title\">\n\t\t\t<a href=\"https:\/\/fecorptech.com\/en\/wordpress-el-mejor-cms\/\">\n\t\t\t\tPandemic Management Lessons: 8 Lessons Inside PHC\t\t\t<\/a>\n\t\t<\/h3>\n\t\t\t\t<div class=\"elementor-post__excerpt\">\n\t\t\t<p>2020 forced companies around the world to rethink their business models and shielded us with the largest remote work pilot project<\/p>\n\t\t<\/div>\n\t\t\n\t\t<a class=\"elementor-post__read-more\" href=\"https:\/\/fecorptech.com\/en\/wordpress-el-mejor-cms\/\" aria-label=\"Read more about Lecciones de gesti\u00f3n de la pandemia: 8 aprendizajes dentro de PHC\" tabindex=\"-1\">\n\t\t\tRead More &gt;&gt;\t\t<\/a>\n\n\t\t\t\t<\/div>\n\t\t\t\t<div class=\"elementor-post__meta-data\">\n\t\t\t\t\t<span class=\"elementor-post-date\">\n\t\t\t1 de February de 2021\t\t<\/span>\n\t\t\t\t<span class=\"elementor-post-avatar\">\n\t\t\tNo Comments\t\t<\/span>\n\t\t\t\t<\/div>\n\t\t\t\t\t<\/div>\n\t\t<\/article>\n\t\t\t\t<article class=\"elementor-post elementor-grid-item post-145 post type-post status-publish format-standard has-post-thumbnail hentry category-sin-categoria entry has-media\">\n\t\t\t<div class=\"elementor-post__card\">\n\t\t\t\t<a class=\"elementor-post__thumbnail__link\" href=\"https:\/\/fecorptech.com\/en\/tu-primer-post\/\" tabindex=\"-1\"><div class=\"elementor-post__thumbnail\"><img loading=\"lazy\" decoding=\"async\" width=\"300\" height=\"150\" src=\"https:\/\/fecorptech.com\/wp-content\/uploads\/2021\/02\/portada-blog-4-300x150.jpg\" class=\"attachment-medium size-medium wp-image-11462\" alt=\"\" srcset=\"https:\/\/fecorptech.com\/wp-content\/uploads\/2021\/02\/portada-blog-4-300x150.jpg 300w, https:\/\/fecorptech.com\/wp-content\/uploads\/2021\/02\/portada-blog-4-1024x512.jpg 1024w, https:\/\/fecorptech.com\/wp-content\/uploads\/2021\/02\/portada-blog-4-768x384.jpg 768w, https:\/\/fecorptech.com\/wp-content\/uploads\/2021\/02\/portada-blog-4.jpg 1200w\" sizes=\"(max-width: 300px) 100vw, 300px\" \/><\/div><\/a>\n\t\t\t\t<div class=\"elementor-post__text\">\n\t\t\t\t<h3 class=\"elementor-post__title\">\n\t\t\t<a href=\"https:\/\/fecorptech.com\/en\/tu-primer-post\/\">\n\t\t\t\t5 advantages of having management software in your company during the pandemic\t\t\t<\/a>\n\t\t<\/h3>\n\t\t\t\t<div class=\"elementor-post__excerpt\">\n\t\t\t<p>With the current scenario, there are two important things to face the crisis: focus on the strategy and use the resources that can help raise<\/p>\n\t\t<\/div>\n\t\t\n\t\t<a class=\"elementor-post__read-more\" href=\"https:\/\/fecorptech.com\/en\/tu-primer-post\/\" aria-label=\"Read more about 5 ventajas de contar con un software de gesti\u00f3n en tu empresa durante la pandemia\" tabindex=\"-1\">\n\t\t\tRead More &gt;&gt;\t\t<\/a>\n\n\t\t\t\t<\/div>\n\t\t\t\t<div class=\"elementor-post__meta-data\">\n\t\t\t\t\t<span class=\"elementor-post-date\">\n\t\t\t1 de February de 2021\t\t<\/span>\n\t\t\t\t<span class=\"elementor-post-avatar\">\n\t\t\tNo Comments\t\t<\/span>\n\t\t\t\t<\/div>\n\t\t\t\t\t<\/div>\n\t\t<\/article>\n\t\t\t\t<article class=\"elementor-post elementor-grid-item post-144 post type-post status-publish format-standard has-post-thumbnail hentry category-sin-categoria entry has-media\">\n\t\t\t<div class=\"elementor-post__card\">\n\t\t\t\t<a class=\"elementor-post__thumbnail__link\" href=\"https:\/\/fecorptech.com\/en\/onza-feliz-de-tenerte-como-cliente\/\" tabindex=\"-1\"><div class=\"elementor-post__thumbnail\"><img loading=\"lazy\" decoding=\"async\" width=\"300\" height=\"150\" src=\"https:\/\/fecorptech.com\/wp-content\/uploads\/2021\/02\/portada-blog-5-300x150.jpg\" class=\"attachment-medium size-medium wp-image-11489\" alt=\"\" srcset=\"https:\/\/fecorptech.com\/wp-content\/uploads\/2021\/02\/portada-blog-5-300x150.jpg 300w, https:\/\/fecorptech.com\/wp-content\/uploads\/2021\/02\/portada-blog-5-1024x512.jpg 1024w, https:\/\/fecorptech.com\/wp-content\/uploads\/2021\/02\/portada-blog-5-768x384.jpg 768w, https:\/\/fecorptech.com\/wp-content\/uploads\/2021\/02\/portada-blog-5.jpg 1200w\" sizes=\"(max-width: 300px) 100vw, 300px\" \/><\/div><\/a>\n\t\t\t\t<div class=\"elementor-post__text\">\n\t\t\t\t<h3 class=\"elementor-post__title\">\n\t\t\t<a href=\"https:\/\/fecorptech.com\/en\/onza-feliz-de-tenerte-como-cliente\/\">\n\t\t\t\tCompanies will be audited: find out all the information they must provide to SUNAT\t\t\t<\/a>\n\t\t<\/h3>\n\t\t\t\t<div class=\"elementor-post__excerpt\">\n\t\t\t<p>Companies with passive operations greater than 7 UIT will be audited. SUNAT will have access to financial information.<\/p>\n\t\t<\/div>\n\t\t\n\t\t<a class=\"elementor-post__read-more\" href=\"https:\/\/fecorptech.com\/en\/onza-feliz-de-tenerte-como-cliente\/\" aria-label=\"Read more about Empresas ser\u00e1n fiscalizadas: conozca toda la informaci\u00f3n que deber\u00e1n suministrar a la SUNAT\" tabindex=\"-1\">\n\t\t\tRead More &gt;&gt;\t\t<\/a>\n\n\t\t\t\t<\/div>\n\t\t\t\t<div class=\"elementor-post__meta-data\">\n\t\t\t\t\t<span class=\"elementor-post-date\">\n\t\t\t1 de February de 2021\t\t<\/span>\n\t\t\t\t<span class=\"elementor-post-avatar\">\n\t\t\tNo Comments\t\t<\/span>\n\t\t\t\t<\/div>\n\t\t\t\t\t<\/div>\n\t\t<\/article>\n\t\t\t\t<\/div>\n\t\t\n\t\t\t\t\t\t<\/div>\n\t\t\t\t<\/div>\n\t\t\t\t\t<\/div>\n\t\t<\/div>\n\t\t\t\t\t<\/div>\n\t\t<\/section>\n\t\t\t\t<section class=\"elementor-section elementor-top-section elementor-element elementor-element-e9795fc elementor-section-stretched elementor-section-height-min-height elementor-section-boxed elementor-section-height-default elementor-section-items-middle\" data-id=\"e9795fc\" data-element_type=\"section\" data-e-type=\"section\" data-settings=\"{&quot;stretch_section&quot;:&quot;section-stretched&quot;,&quot;background_background&quot;:&quot;classic&quot;,&quot;_ha_eqh_enable&quot;:false}\">\n\t\t\t\t\t\t<div class=\"elementor-container elementor-column-gap-default\">\n\t\t\t\t\t<div class=\"elementor-column elementor-col-50 elementor-top-column elementor-element elementor-element-e97b87a\" data-id=\"e97b87a\" data-element_type=\"column\" data-e-type=\"column\">\n\t\t\t<div class=\"elementor-widget-wrap elementor-element-populated\">\n\t\t\t\t\t\t<div class=\"elementor-element elementor-element-00f8498 elementor-widget elementor-widget-heading\" data-id=\"00f8498\" data-element_type=\"widget\" data-e-type=\"widget\" data-widget_type=\"heading.default\">\n\t\t\t\t<div class=\"elementor-widget-container\">\n\t\t\t\t\t<h2 class=\"elementor-heading-title elementor-size-default\">Subscribe to our newsletter <br>and receive more information<\/h2>\t\t\t\t<\/div>\n\t\t\t\t<\/div>\n\t\t\t\t\t<\/div>\n\t\t<\/div>\n\t\t\t\t<div class=\"elementor-column elementor-col-50 elementor-top-column elementor-element elementor-element-128fcc7\" data-id=\"128fcc7\" data-element_type=\"column\" data-e-type=\"column\">\n\t\t\t<div class=\"elementor-widget-wrap elementor-element-populated\">\n\t\t\t\t\t\t<div class=\"elementor-element elementor-element-b5d2a9e elementor-button-align-stretch elementor-widget elementor-widget-form\" data-id=\"b5d2a9e\" data-element_type=\"widget\" data-e-type=\"widget\" data-settings=\"{&quot;button_width&quot;:&quot;30&quot;,&quot;step_next_label&quot;:&quot;Next&quot;,&quot;step_previous_label&quot;:&quot;Previous&quot;,&quot;step_type&quot;:&quot;number_text&quot;,&quot;step_icon_shape&quot;:&quot;circle&quot;}\" data-widget_type=\"form.default\">\n\t\t\t\t<div class=\"elementor-widget-container\">\n\t\t\t\t\t\t\t<form class=\"elementor-form\" method=\"post\" name=\"Nuevo Formulario\" action=\"\">\n\t\t\t<input type=\"hidden\" name=\"post_id\" value=\"48\"\/>\n\t\t\t<input type=\"hidden\" name=\"form_id\" value=\"b5d2a9e\"\/>\n\t\t\t<input type=\"hidden\" name=\"referer_title\" value=\"Blog - Fecorptech\" \/>\n\n\t\t\t\t\t\t\t<input type=\"hidden\" name=\"queried_id\" value=\"48\"\/>\n\t\t\t\n\t\t\t<div class=\"elementor-form-fields-wrapper elementor-labels-above\">\n\t\t\t\t\t\t\t\t<div class=\"elementor-field-type-email elementor-field-group elementor-column elementor-field-group-email elementor-col-70 elementor-field-required\">\n\t\t\t\t\t\t\t\t\t\t\t\t\t<input size=\"1\" type=\"email\" name=\"form_fields[email]\" id=\"form-field-email\" class=\"elementor-field elementor-size-sm  elementor-field-textual\" placeholder=\"E-mail\" required=\"required\" aria-required=\"true\">\n\t\t\t\t\t\t\t\t\t\t\t<\/div>\n\t\t\t\t\t\t\t\t<div class=\"elementor-field-group elementor-column elementor-field-type-submit elementor-col-30 e-form__buttons\">\n\t\t\t\t\t<button class=\"elementor-button elementor-size-sm\" type=\"submit\">\n\t\t\t\t\t\t<span class=\"elementor-button-content-wrapper\">\n\t\t\t\t\t\t\t\t\t\t\t\t\t\t\t\t\t\t\t\t\t\t<span class=\"elementor-button-text\">Subscribe<\/span>\n\t\t\t\t\t\t\t\t\t\t\t\t\t<\/span>\n\t\t\t\t\t<\/button>\n\t\t\t\t<\/div>\n\t\t\t<\/div>\n\t\t<input type=\"hidden\" name=\"trp-form-language\" value=\"en\"\/><\/form>\n\t\t\t\t\t\t<\/div>\n\t\t\t\t<\/div>\n\t\t\t\t\t<\/div>\n\t\t<\/div>\n\t\t\t\t\t<\/div>\n\t\t<\/section>\n\t\t\t\t<\/div>","protected":false},"excerpt":{"rendered":"<p>News Suscr\u00edbase a nuestro bolet\u00edn y recibe m\u00e1s informaci\u00f3n<\/p>","protected":false},"author":1,"featured_media":0,"parent":0,"menu_order":0,"comment_status":"closed","ping_status":"closed","template":"elementor_header_footer","meta":{"footnotes":""},"class_list":["post-48","page","type-page","status-publish","hentry","entry","has-media"],"_links":{"self":[{"href":"https:\/\/fecorptech.com\/en\/wp-json\/wp\/v2\/pages\/48"}],"collection":[{"href":"https:\/\/fecorptech.com\/en\/wp-json\/wp\/v2\/pages"}],"about":[{"href":"https:\/\/fecorptech.com\/en\/wp-json\/wp\/v2\/types\/page"}],"author":[{"embeddable":true,"href":"https:\/\/fecorptech.com\/en\/wp-json\/wp\/v2\/users\/1"}],"replies":[{"embeddable":true,"href":"https:\/\/fecorptech.com\/en\/wp-json\/wp\/v2\/comments?post=48"}],"version-history":[{"count":33,"href":"https:\/\/fecorptech.com\/en\/wp-json\/wp\/v2\/pages\/48\/revisions"}],"predecessor-version":[{"id":28797,"href":"https:\/\/fecorptech.com\/en\/wp-json\/wp\/v2\/pages\/48\/revisions\/28797"}],"wp:attachment":[{"href":"https:\/\/fecorptech.com\/en\/wp-json\/wp\/v2\/media?parent=48"}],"curies":[{"name":"wp","href":"https:\/\/api.w.org\/{rel}","templated":true}]}}