{"id":48,"date":"2021-02-01T19:35:23","date_gmt":"2021-02-01T19:35:23","guid":{"rendered":"https:\/\/fecorptech.com\/es\/?page_id=48"},"modified":"2021-04-09T22:10:39","modified_gmt":"2021-04-09T22:10:39","slug":"blog","status":"publish","type":"page","link":"https:\/\/fecorptech.com\/es\/blog\/","title":{"rendered":"Blog"},"content":{"rendered":"\t\t<div data-elementor-type=\"wp-page\" data-elementor-id=\"48\" class=\"elementor elementor-48\" data-elementor-post-type=\"page\">\n\t\t\t\t\t\t<section class=\"elementor-section elementor-top-section elementor-element elementor-element-7949213 elementor-section-full_width elementor-section-stretched elementor-section-height-min-height elementor-section-height-default elementor-section-items-middle\" data-id=\"7949213\" data-element_type=\"section\" data-settings=\"{&quot;stretch_section&quot;:&quot;section-stretched&quot;,&quot;background_background&quot;:&quot;classic&quot;,&quot;_ha_eqh_enable&quot;:false}\">\n\t\t\t\t\t\t\t<div class=\"elementor-background-overlay\"><\/div>\n\t\t\t\t\t\t\t<div class=\"elementor-container elementor-column-gap-no\">\n\t\t\t\t\t<div class=\"elementor-column elementor-col-100 elementor-top-column elementor-element elementor-element-085b02f\" data-id=\"085b02f\" data-element_type=\"column\">\n\t\t\t<div class=\"elementor-widget-wrap elementor-element-populated\">\n\t\t\t\t\t\t<div class=\"elementor-element elementor-element-248410a elementor-widget elementor-widget-heading\" data-id=\"248410a\" data-element_type=\"widget\" data-widget_type=\"heading.default\">\n\t\t\t\t<div class=\"elementor-widget-container\">\n\t\t\t<style>\/*! elementor - v3.23.0 - 05-08-2024 *\/\n.elementor-heading-title{padding:0;margin:0;line-height:1}.elementor-widget-heading .elementor-heading-title[class*=elementor-size-]>a{color:inherit;font-size:inherit;line-height:inherit}.elementor-widget-heading .elementor-heading-title.elementor-size-small{font-size:15px}.elementor-widget-heading .elementor-heading-title.elementor-size-medium{font-size:19px}.elementor-widget-heading .elementor-heading-title.elementor-size-large{font-size:29px}.elementor-widget-heading .elementor-heading-title.elementor-size-xl{font-size:39px}.elementor-widget-heading .elementor-heading-title.elementor-size-xxl{font-size:59px}<\/style><h2 class=\"elementor-heading-title elementor-size-default\">Novedades<\/h2>\t\t<\/div>\n\t\t\t\t<\/div>\n\t\t\t\t\t<\/div>\n\t\t<\/div>\n\t\t\t\t\t<\/div>\n\t\t<\/section>\n\t\t\t\t<section class=\"elementor-section elementor-top-section elementor-element elementor-element-e9f11db elementor-section-height-min-height elementor-section-stretched elementor-section-boxed elementor-section-height-default elementor-section-items-middle\" data-id=\"e9f11db\" data-element_type=\"section\" data-settings=\"{&quot;stretch_section&quot;:&quot;section-stretched&quot;,&quot;_ha_eqh_enable&quot;:false}\">\n\t\t\t\t\t\t<div class=\"elementor-container elementor-column-gap-default\">\n\t\t\t\t\t<div class=\"elementor-column elementor-col-100 elementor-top-column elementor-element elementor-element-dc5bcdc\" data-id=\"dc5bcdc\" data-element_type=\"column\">\n\t\t\t<div class=\"elementor-widget-wrap elementor-element-populated\">\n\t\t\t\t\t\t<div class=\"elementor-element elementor-element-35f9056 elementor-grid-3 elementor-grid-tablet-2 elementor-grid-mobile-1 elementor-posts--thumbnail-top elementor-card-shadow-yes elementor-posts__hover-gradient elementor-widget elementor-widget-posts\" data-id=\"35f9056\" data-element_type=\"widget\" data-settings=\"{&quot;cards_columns&quot;:&quot;3&quot;,&quot;cards_columns_tablet&quot;:&quot;2&quot;,&quot;cards_columns_mobile&quot;:&quot;1&quot;,&quot;cards_row_gap&quot;:{&quot;unit&quot;:&quot;px&quot;,&quot;size&quot;:35,&quot;sizes&quot;:[]},&quot;cards_row_gap_tablet&quot;:{&quot;unit&quot;:&quot;px&quot;,&quot;size&quot;:&quot;&quot;,&quot;sizes&quot;:[]},&quot;cards_row_gap_mobile&quot;:{&quot;unit&quot;:&quot;px&quot;,&quot;size&quot;:&quot;&quot;,&quot;sizes&quot;:[]}}\" data-widget_type=\"posts.cards\">\n\t\t\t\t<div class=\"elementor-widget-container\">\n\t\t\t<link rel=\"stylesheet\" href=\"https:\/\/fecorptech.com\/es\/wp-content\/plugins\/elementor-pro\/assets\/css\/widget-posts.min.css?ver=1722930505\">\t\t<div class=\"elementor-posts-container elementor-posts elementor-posts--skin-cards elementor-grid\">\n\t\t\t\t<article class=\"elementor-post elementor-grid-item post-7668 post type-post status-publish format-standard has-post-thumbnail hentry category-sin-categoria entry has-media\">\n\t\t\t<div class=\"elementor-post__card\">\n\t\t\t\t<a class=\"elementor-post__thumbnail__link\" href=\"https:\/\/fecorptech.com\/es\/una-nueva-perspectiva-sobre-el-trabajo-remoto-principales-factores\/\" tabindex=\"-1\"><div class=\"elementor-post__thumbnail\"><img decoding=\"async\" width=\"300\" height=\"150\" src=\"https:\/\/fecorptech.com\/es\/wp-content\/uploads\/2021\/02\/Una-nueva-perspectiva-sobre-el-trabajo-remoto-300x150.jpg\" class=\"attachment-medium size-medium wp-image-11402\" alt=\"\" srcset=\"https:\/\/fecorptech.com\/es\/wp-content\/uploads\/2021\/02\/Una-nueva-perspectiva-sobre-el-trabajo-remoto-300x150.jpg 300w, https:\/\/fecorptech.com\/es\/wp-content\/uploads\/2021\/02\/Una-nueva-perspectiva-sobre-el-trabajo-remoto-1024x512.jpg 1024w, https:\/\/fecorptech.com\/es\/wp-content\/uploads\/2021\/02\/Una-nueva-perspectiva-sobre-el-trabajo-remoto-768x384.jpg 768w, https:\/\/fecorptech.com\/es\/wp-content\/uploads\/2021\/02\/Una-nueva-perspectiva-sobre-el-trabajo-remoto.jpg 1200w\" sizes=\"(max-width: 300px) 100vw, 300px\" \/><\/div><\/a>\n\t\t\t\t<div class=\"elementor-post__text\">\n\t\t\t\t<h3 class=\"elementor-post__title\">\n\t\t\t<a href=\"https:\/\/fecorptech.com\/es\/una-nueva-perspectiva-sobre-el-trabajo-remoto-principales-factores\/\">\n\t\t\t\tUna nueva perspectiva sobre el trabajo remoto: Principales factores\t\t\t<\/a>\n\t\t<\/h3>\n\t\t\t\t<div class=\"elementor-post__excerpt\">\n\t\t\t<p>Ante el confinamiento que atravesamos debido a la pandemia del Covid-19, m\u00e1s empresas se est\u00e1n sumando a dar un giro total a su modelo de<\/p>\n\t\t<\/div>\n\t\t\n\t\t<a class=\"elementor-post__read-more\" href=\"https:\/\/fecorptech.com\/es\/una-nueva-perspectiva-sobre-el-trabajo-remoto-principales-factores\/\" aria-label=\"M\u00e1s informaci\u00f3n sobre Una nueva perspectiva sobre el trabajo remoto: Principales factores\" tabindex=\"-1\">\n\t\t\tLeer M\u00e1s &gt;&gt;\t\t<\/a>\n\n\t\t\t\t<\/div>\n\t\t\t\t<div class=\"elementor-post__meta-data\">\n\t\t\t\t\t<span class=\"elementor-post-date\">\n\t\t\t25 de febrero de 2021\t\t<\/span>\n\t\t\t\t<span class=\"elementor-post-avatar\">\n\t\t\tNo hay comentarios\t\t<\/span>\n\t\t\t\t<\/div>\n\t\t\t\t\t<\/div>\n\t\t<\/article>\n\t\t\t\t<article class=\"elementor-post elementor-grid-item post-147 post type-post status-publish format-standard has-post-thumbnail hentry category-sin-categoria entry has-media\">\n\t\t\t<div class=\"elementor-post__card\">\n\t\t\t\t<a class=\"elementor-post__thumbnail__link\" href=\"https:\/\/fecorptech.com\/es\/wordpress-felizmente-aqui\/\" tabindex=\"-1\"><div class=\"elementor-post__thumbnail\"><img decoding=\"async\" width=\"300\" height=\"150\" src=\"https:\/\/fecorptech.com\/es\/wp-content\/uploads\/2021\/02\/portada-blog-2-300x150.jpg\" class=\"attachment-medium size-medium wp-image-11455\" alt=\"\" srcset=\"https:\/\/fecorptech.com\/es\/wp-content\/uploads\/2021\/02\/portada-blog-2-300x150.jpg 300w, https:\/\/fecorptech.com\/es\/wp-content\/uploads\/2021\/02\/portada-blog-2-1024x512.jpg 1024w, https:\/\/fecorptech.com\/es\/wp-content\/uploads\/2021\/02\/portada-blog-2-768x384.jpg 768w, https:\/\/fecorptech.com\/es\/wp-content\/uploads\/2021\/02\/portada-blog-2.jpg 1200w\" sizes=\"(max-width: 300px) 100vw, 300px\" \/><\/div><\/a>\n\t\t\t\t<div class=\"elementor-post__text\">\n\t\t\t\t<h3 class=\"elementor-post__title\">\n\t\t\t<a href=\"https:\/\/fecorptech.com\/es\/wordpress-felizmente-aqui\/\">\n\t\t\t\tLa pandemia obliga a reimaginar los modelos de negocio, intensificando 4 \u00e1reas de enfoque principales\t\t\t<\/a>\n\t\t<\/h3>\n\t\t\t\t<div class=\"elementor-post__excerpt\">\n\t\t\t<p>Conozca hasta qu\u00e9 punto Covid-19 actu\u00f3 como catalizador de un redise\u00f1o del lugar de trabajo que perdurar\u00e1 mucho despu\u00e9s de la pandemia y dar\u00e1 lugar<\/p>\n\t\t<\/div>\n\t\t\n\t\t<a class=\"elementor-post__read-more\" href=\"https:\/\/fecorptech.com\/es\/wordpress-felizmente-aqui\/\" aria-label=\"M\u00e1s informaci\u00f3n sobre La pandemia obliga a reimaginar los modelos de negocio, intensificando 4 \u00e1reas de enfoque principales\" tabindex=\"-1\">\n\t\t\tLeer M\u00e1s &gt;&gt;\t\t<\/a>\n\n\t\t\t\t<\/div>\n\t\t\t\t<div class=\"elementor-post__meta-data\">\n\t\t\t\t\t<span class=\"elementor-post-date\">\n\t\t\t1 de febrero de 2021\t\t<\/span>\n\t\t\t\t<span class=\"elementor-post-avatar\">\n\t\t\tNo hay comentarios\t\t<\/span>\n\t\t\t\t<\/div>\n\t\t\t\t\t<\/div>\n\t\t<\/article>\n\t\t\t\t<article class=\"elementor-post elementor-grid-item post-146 post type-post status-publish format-standard has-post-thumbnail hentry category-sin-categoria entry has-media\">\n\t\t\t<div class=\"elementor-post__card\">\n\t\t\t\t<a class=\"elementor-post__thumbnail__link\" href=\"https:\/\/fecorptech.com\/es\/wordpress-el-mejor-cms\/\" tabindex=\"-1\"><div class=\"elementor-post__thumbnail\"><img decoding=\"async\" width=\"300\" height=\"150\" src=\"https:\/\/fecorptech.com\/es\/wp-content\/uploads\/2021\/02\/portada-blog-3-300x150.jpg\" class=\"attachment-medium size-medium wp-image-11457\" alt=\"\" srcset=\"https:\/\/fecorptech.com\/es\/wp-content\/uploads\/2021\/02\/portada-blog-3-300x150.jpg 300w, https:\/\/fecorptech.com\/es\/wp-content\/uploads\/2021\/02\/portada-blog-3-1024x512.jpg 1024w, https:\/\/fecorptech.com\/es\/wp-content\/uploads\/2021\/02\/portada-blog-3-768x384.jpg 768w, https:\/\/fecorptech.com\/es\/wp-content\/uploads\/2021\/02\/portada-blog-3.jpg 1200w\" sizes=\"(max-width: 300px) 100vw, 300px\" \/><\/div><\/a>\n\t\t\t\t<div class=\"elementor-post__text\">\n\t\t\t\t<h3 class=\"elementor-post__title\">\n\t\t\t<a href=\"https:\/\/fecorptech.com\/es\/wordpress-el-mejor-cms\/\">\n\t\t\t\tLecciones de gesti\u00f3n de la pandemia: 8 aprendizajes dentro de PHC\t\t\t<\/a>\n\t\t<\/h3>\n\t\t\t\t<div class=\"elementor-post__excerpt\">\n\t\t\t<p>2020 oblig\u00f3 a empresas de todo el mundo a repensar sus modelos de negocios y nos blind\u00f3 con el mayor proyecto piloto de trabajo remoto<\/p>\n\t\t<\/div>\n\t\t\n\t\t<a class=\"elementor-post__read-more\" href=\"https:\/\/fecorptech.com\/es\/wordpress-el-mejor-cms\/\" aria-label=\"M\u00e1s informaci\u00f3n sobre Lecciones de gesti\u00f3n de la pandemia: 8 aprendizajes dentro de PHC\" tabindex=\"-1\">\n\t\t\tLeer M\u00e1s &gt;&gt;\t\t<\/a>\n\n\t\t\t\t<\/div>\n\t\t\t\t<div class=\"elementor-post__meta-data\">\n\t\t\t\t\t<span class=\"elementor-post-date\">\n\t\t\t1 de febrero de 2021\t\t<\/span>\n\t\t\t\t<span class=\"elementor-post-avatar\">\n\t\t\tNo hay comentarios\t\t<\/span>\n\t\t\t\t<\/div>\n\t\t\t\t\t<\/div>\n\t\t<\/article>\n\t\t\t\t<article class=\"elementor-post elementor-grid-item post-145 post type-post status-publish format-standard has-post-thumbnail hentry category-sin-categoria entry has-media\">\n\t\t\t<div class=\"elementor-post__card\">\n\t\t\t\t<a class=\"elementor-post__thumbnail__link\" href=\"https:\/\/fecorptech.com\/es\/tu-primer-post\/\" tabindex=\"-1\"><div class=\"elementor-post__thumbnail\"><img loading=\"lazy\" decoding=\"async\" width=\"300\" height=\"150\" src=\"https:\/\/fecorptech.com\/es\/wp-content\/uploads\/2021\/02\/portada-blog-4-300x150.jpg\" class=\"attachment-medium size-medium wp-image-11462\" alt=\"\" srcset=\"https:\/\/fecorptech.com\/es\/wp-content\/uploads\/2021\/02\/portada-blog-4-300x150.jpg 300w, https:\/\/fecorptech.com\/es\/wp-content\/uploads\/2021\/02\/portada-blog-4-1024x512.jpg 1024w, https:\/\/fecorptech.com\/es\/wp-content\/uploads\/2021\/02\/portada-blog-4-768x384.jpg 768w, https:\/\/fecorptech.com\/es\/wp-content\/uploads\/2021\/02\/portada-blog-4.jpg 1200w\" sizes=\"(max-width: 300px) 100vw, 300px\" \/><\/div><\/a>\n\t\t\t\t<div class=\"elementor-post__text\">\n\t\t\t\t<h3 class=\"elementor-post__title\">\n\t\t\t<a href=\"https:\/\/fecorptech.com\/es\/tu-primer-post\/\">\n\t\t\t\t5 ventajas de contar con un software de gesti\u00f3n en tu empresa durante la pandemia\t\t\t<\/a>\n\t\t<\/h3>\n\t\t\t\t<div class=\"elementor-post__excerpt\">\n\t\t\t<p>Con el escenario actual, hay dos cosas importantes para enfrentar la crisis: enfocarnos en la estrategia y utilizar los recursos que puedan ayudar a elevar<\/p>\n\t\t<\/div>\n\t\t\n\t\t<a class=\"elementor-post__read-more\" href=\"https:\/\/fecorptech.com\/es\/tu-primer-post\/\" aria-label=\"M\u00e1s informaci\u00f3n sobre 5 ventajas de contar con un software de gesti\u00f3n en tu empresa durante la pandemia\" tabindex=\"-1\">\n\t\t\tLeer M\u00e1s &gt;&gt;\t\t<\/a>\n\n\t\t\t\t<\/div>\n\t\t\t\t<div class=\"elementor-post__meta-data\">\n\t\t\t\t\t<span class=\"elementor-post-date\">\n\t\t\t1 de febrero de 2021\t\t<\/span>\n\t\t\t\t<span class=\"elementor-post-avatar\">\n\t\t\tNo hay comentarios\t\t<\/span>\n\t\t\t\t<\/div>\n\t\t\t\t\t<\/div>\n\t\t<\/article>\n\t\t\t\t<article class=\"elementor-post elementor-grid-item post-144 post type-post status-publish format-standard has-post-thumbnail hentry category-sin-categoria entry has-media\">\n\t\t\t<div class=\"elementor-post__card\">\n\t\t\t\t<a class=\"elementor-post__thumbnail__link\" href=\"https:\/\/fecorptech.com\/es\/onza-feliz-de-tenerte-como-cliente\/\" tabindex=\"-1\"><div class=\"elementor-post__thumbnail\"><img loading=\"lazy\" decoding=\"async\" width=\"300\" height=\"150\" src=\"https:\/\/fecorptech.com\/es\/wp-content\/uploads\/2021\/02\/portada-blog-5-300x150.jpg\" class=\"attachment-medium size-medium wp-image-11489\" alt=\"\" srcset=\"https:\/\/fecorptech.com\/es\/wp-content\/uploads\/2021\/02\/portada-blog-5-300x150.jpg 300w, https:\/\/fecorptech.com\/es\/wp-content\/uploads\/2021\/02\/portada-blog-5-1024x512.jpg 1024w, https:\/\/fecorptech.com\/es\/wp-content\/uploads\/2021\/02\/portada-blog-5-768x384.jpg 768w, https:\/\/fecorptech.com\/es\/wp-content\/uploads\/2021\/02\/portada-blog-5.jpg 1200w\" sizes=\"(max-width: 300px) 100vw, 300px\" \/><\/div><\/a>\n\t\t\t\t<div class=\"elementor-post__text\">\n\t\t\t\t<h3 class=\"elementor-post__title\">\n\t\t\t<a href=\"https:\/\/fecorptech.com\/es\/onza-feliz-de-tenerte-como-cliente\/\">\n\t\t\t\tEmpresas ser\u00e1n fiscalizadas: conozca toda la informaci\u00f3n que deber\u00e1n suministrar a la SUNAT\t\t\t<\/a>\n\t\t<\/h3>\n\t\t\t\t<div class=\"elementor-post__excerpt\">\n\t\t\t<p>Empresas con operaciones pasivas mayores a 7 UIT ser\u00e1n fiscalizadas. SUNAT tendr\u00e1 acceso a la informaci\u00f3n financiera.<\/p>\n\t\t<\/div>\n\t\t\n\t\t<a class=\"elementor-post__read-more\" href=\"https:\/\/fecorptech.com\/es\/onza-feliz-de-tenerte-como-cliente\/\" aria-label=\"M\u00e1s informaci\u00f3n sobre Empresas ser\u00e1n fiscalizadas: conozca toda la informaci\u00f3n que deber\u00e1n suministrar a la SUNAT\" tabindex=\"-1\">\n\t\t\tLeer M\u00e1s &gt;&gt;\t\t<\/a>\n\n\t\t\t\t<\/div>\n\t\t\t\t<div class=\"elementor-post__meta-data\">\n\t\t\t\t\t<span class=\"elementor-post-date\">\n\t\t\t1 de febrero de 2021\t\t<\/span>\n\t\t\t\t<span class=\"elementor-post-avatar\">\n\t\t\tNo hay comentarios\t\t<\/span>\n\t\t\t\t<\/div>\n\t\t\t\t\t<\/div>\n\t\t<\/article>\n\t\t\t\t<\/div>\n\t\t\n\t\t\t\t<\/div>\n\t\t\t\t<\/div>\n\t\t\t\t\t<\/div>\n\t\t<\/div>\n\t\t\t\t\t<\/div>\n\t\t<\/section>\n\t\t\t\t<section class=\"elementor-section elementor-top-section elementor-element elementor-element-e9795fc elementor-section-stretched elementor-section-height-min-height elementor-section-boxed elementor-section-height-default elementor-section-items-middle\" data-id=\"e9795fc\" data-element_type=\"section\" data-settings=\"{&quot;stretch_section&quot;:&quot;section-stretched&quot;,&quot;background_background&quot;:&quot;classic&quot;,&quot;_ha_eqh_enable&quot;:false}\">\n\t\t\t\t\t\t<div class=\"elementor-container elementor-column-gap-default\">\n\t\t\t\t\t<div class=\"elementor-column elementor-col-50 elementor-top-column elementor-element elementor-element-e97b87a\" data-id=\"e97b87a\" data-element_type=\"column\">\n\t\t\t<div class=\"elementor-widget-wrap elementor-element-populated\">\n\t\t\t\t\t\t<div class=\"elementor-element elementor-element-00f8498 elementor-widget elementor-widget-heading\" data-id=\"00f8498\" data-element_type=\"widget\" data-widget_type=\"heading.default\">\n\t\t\t\t<div class=\"elementor-widget-container\">\n\t\t\t<h2 class=\"elementor-heading-title elementor-size-default\">Suscr\u00edbase a nuestro bolet\u00edn <BR>y recibe m\u00e1s informaci\u00f3n<\/h2>\t\t<\/div>\n\t\t\t\t<\/div>\n\t\t\t\t\t<\/div>\n\t\t<\/div>\n\t\t\t\t<div class=\"elementor-column elementor-col-50 elementor-top-column elementor-element elementor-element-128fcc7\" data-id=\"128fcc7\" data-element_type=\"column\">\n\t\t\t<div class=\"elementor-widget-wrap elementor-element-populated\">\n\t\t\t\t\t\t<div class=\"elementor-element elementor-element-b5d2a9e elementor-button-align-stretch elementor-widget elementor-widget-form\" data-id=\"b5d2a9e\" data-element_type=\"widget\" data-settings=\"{&quot;button_width&quot;:&quot;30&quot;,&quot;step_next_label&quot;:&quot;Next&quot;,&quot;step_previous_label&quot;:&quot;Previous&quot;,&quot;step_type&quot;:&quot;number_text&quot;,&quot;step_icon_shape&quot;:&quot;circle&quot;}\" data-widget_type=\"form.default\">\n\t\t\t\t<div class=\"elementor-widget-container\">\n\t\t\t<style>\/*! elementor-pro - v3.23.0 - 05-08-2024 *\/\n.elementor-button.elementor-hidden,.elementor-hidden{display:none}.e-form__step{width:100%}.e-form__step:not(.elementor-hidden){display:flex;flex-wrap:wrap}.e-form__buttons{flex-wrap:wrap}.e-form__buttons,.e-form__buttons__wrapper{display:flex}.e-form__indicators{display:flex;justify-content:space-between;align-items:center;flex-wrap:nowrap;font-size:13px;margin-bottom:var(--e-form-steps-indicators-spacing)}.e-form__indicators__indicator{display:flex;flex-direction:column;align-items:center;justify-content:center;flex-basis:0;padding:0 var(--e-form-steps-divider-gap)}.e-form__indicators__indicator__progress{width:100%;position:relative;background-color:var(--e-form-steps-indicator-progress-background-color);border-radius:var(--e-form-steps-indicator-progress-border-radius);overflow:hidden}.e-form__indicators__indicator__progress__meter{width:var(--e-form-steps-indicator-progress-meter-width,0);height:var(--e-form-steps-indicator-progress-height);line-height:var(--e-form-steps-indicator-progress-height);padding-right:15px;border-radius:var(--e-form-steps-indicator-progress-border-radius);background-color:var(--e-form-steps-indicator-progress-color);color:var(--e-form-steps-indicator-progress-meter-color);text-align:right;transition:width .1s linear}.e-form__indicators__indicator:first-child{padding-left:0}.e-form__indicators__indicator:last-child{padding-right:0}.e-form__indicators__indicator--state-inactive{color:var(--e-form-steps-indicator-inactive-primary-color,#c2cbd2)}.e-form__indicators__indicator--state-inactive [class*=indicator--shape-]:not(.e-form__indicators__indicator--shape-none){background-color:var(--e-form-steps-indicator-inactive-secondary-color,#fff)}.e-form__indicators__indicator--state-inactive object,.e-form__indicators__indicator--state-inactive svg{fill:var(--e-form-steps-indicator-inactive-primary-color,#c2cbd2)}.e-form__indicators__indicator--state-active{color:var(--e-form-steps-indicator-active-primary-color,#39b54a);border-color:var(--e-form-steps-indicator-active-secondary-color,#fff)}.e-form__indicators__indicator--state-active [class*=indicator--shape-]:not(.e-form__indicators__indicator--shape-none){background-color:var(--e-form-steps-indicator-active-secondary-color,#fff)}.e-form__indicators__indicator--state-active object,.e-form__indicators__indicator--state-active svg{fill:var(--e-form-steps-indicator-active-primary-color,#39b54a)}.e-form__indicators__indicator--state-completed{color:var(--e-form-steps-indicator-completed-secondary-color,#fff)}.e-form__indicators__indicator--state-completed [class*=indicator--shape-]:not(.e-form__indicators__indicator--shape-none){background-color:var(--e-form-steps-indicator-completed-primary-color,#39b54a)}.e-form__indicators__indicator--state-completed .e-form__indicators__indicator__label{color:var(--e-form-steps-indicator-completed-primary-color,#39b54a)}.e-form__indicators__indicator--state-completed .e-form__indicators__indicator--shape-none{color:var(--e-form-steps-indicator-completed-primary-color,#39b54a);background-color:initial}.e-form__indicators__indicator--state-completed object,.e-form__indicators__indicator--state-completed svg{fill:var(--e-form-steps-indicator-completed-secondary-color,#fff)}.e-form__indicators__indicator__icon{width:var(--e-form-steps-indicator-padding,30px);height:var(--e-form-steps-indicator-padding,30px);font-size:var(--e-form-steps-indicator-icon-size);border-width:1px;border-style:solid;display:flex;justify-content:center;align-items:center;overflow:hidden;margin-bottom:10px}.e-form__indicators__indicator__icon img,.e-form__indicators__indicator__icon object,.e-form__indicators__indicator__icon svg{width:var(--e-form-steps-indicator-icon-size);height:auto}.e-form__indicators__indicator__icon .e-font-icon-svg{height:1em}.e-form__indicators__indicator__number{width:var(--e-form-steps-indicator-padding,30px);height:var(--e-form-steps-indicator-padding,30px);border-width:1px;border-style:solid;display:flex;justify-content:center;align-items:center;margin-bottom:10px}.e-form__indicators__indicator--shape-circle{border-radius:50%}.e-form__indicators__indicator--shape-square{border-radius:0}.e-form__indicators__indicator--shape-rounded{border-radius:5px}.e-form__indicators__indicator--shape-none{border:0}.e-form__indicators__indicator__label{text-align:center}.e-form__indicators__indicator__separator{width:100%;height:var(--e-form-steps-divider-width);background-color:#babfc5}.e-form__indicators--type-icon,.e-form__indicators--type-icon_text,.e-form__indicators--type-number,.e-form__indicators--type-number_text{align-items:flex-start}.e-form__indicators--type-icon .e-form__indicators__indicator__separator,.e-form__indicators--type-icon_text .e-form__indicators__indicator__separator,.e-form__indicators--type-number .e-form__indicators__indicator__separator,.e-form__indicators--type-number_text .e-form__indicators__indicator__separator{margin-top:calc(var(--e-form-steps-indicator-padding, 30px) \/ 2 - var(--e-form-steps-divider-width, 1px) \/ 2)}.elementor-field-type-hidden{display:none}.elementor-field-type-html{display:inline-block}.elementor-field-type-tel input{direction:inherit}.elementor-login .elementor-lost-password,.elementor-login .elementor-remember-me{font-size:.85em}.elementor-field-type-recaptcha_v3 .elementor-field-label{display:none}.elementor-field-type-recaptcha_v3 .grecaptcha-badge{z-index:1}.elementor-button .elementor-form-spinner{order:3}.elementor-form .elementor-button .elementor-button-content-wrapper{align-items:center}.elementor-form .elementor-button .elementor-button-text{white-space:normal}.elementor-form .elementor-button svg{height:auto}.elementor-form .elementor-button .e-font-icon-svg{height:1em}.elementor-form .elementor-button .elementor-button-content-wrapper{gap:5px}.elementor-form .elementor-button .elementor-button-icon,.elementor-form .elementor-button .elementor-button-text{flex-grow:unset;order:unset}.elementor-select-wrapper .select-caret-down-wrapper{position:absolute;top:50%;transform:translateY(-50%);inset-inline-end:10px;pointer-events:none;font-size:11px}.elementor-select-wrapper .select-caret-down-wrapper svg{display:unset;width:1em;aspect-ratio:unset;fill:currentColor}.elementor-select-wrapper .select-caret-down-wrapper i{font-size:19px;line-height:2}.elementor-select-wrapper.remove-before:before{content:\"\"!important}.elementor-message-svg:before{content:\"\";width:1em;height:1em;background-image:url(\"data:image\/svg+xml;base64,PHN2ZyB3aWR0aD0iMTQiIGhlaWdodD0iMTEiIGZpbGw9Im5vbmUiIHhtbG5zPSJodHRwOi8vd3d3LnczLm9yZy8yMDAwL3N2ZyI+PHBhdGggZmlsbC1ydWxlPSJldmVub2RkIiBjbGlwLXJ1bGU9ImV2ZW5vZGQiIGQ9Ik00Ljc1IDguMTVMMS42IDUgLjU1IDYuMDVsNC4yIDQuMiA5LTlMMTIuNy4yIDQuNzUgOC4xNXoiIGZpbGw9IiMwMDhBMjAiLz48L3N2Zz4=\");background-position:50%;background-repeat:no-repeat}<\/style>\t\t<form class=\"elementor-form\" method=\"post\" name=\"Nuevo Formulario\">\n\t\t\t<input type=\"hidden\" name=\"post_id\" value=\"48\"\/>\n\t\t\t<input type=\"hidden\" name=\"form_id\" value=\"b5d2a9e\"\/>\n\t\t\t<input type=\"hidden\" name=\"referer_title\" value=\"\" \/>\n\n\t\t\t\n\t\t\t<div class=\"elementor-form-fields-wrapper elementor-labels-above\">\n\t\t\t\t\t\t\t\t<div class=\"elementor-field-type-email elementor-field-group elementor-column elementor-field-group-email elementor-col-70 elementor-field-required\">\n\t\t\t\t\t\t\t\t\t\t\t\t\t<input size=\"1\" type=\"email\" name=\"form_fields[email]\" id=\"form-field-email\" class=\"elementor-field elementor-size-sm  elementor-field-textual\" placeholder=\"Correo\" required=\"required\" aria-required=\"true\">\n\t\t\t\t\t\t\t\t\t\t\t<\/div>\n\t\t\t\t\t\t\t\t<div class=\"elementor-field-group elementor-column elementor-field-type-submit elementor-col-30 e-form__buttons\">\n\t\t\t\t\t<button class=\"elementor-button elementor-size-sm\" type=\"submit\">\n\t\t\t\t\t\t<span class=\"elementor-button-content-wrapper\">\n\t\t\t\t\t\t\t\t\t\t\t\t\t\t\t\t\t\t\t\t\t\t<span class=\"elementor-button-text\">Suscribete<\/span>\n\t\t\t\t\t\t\t\t\t\t\t\t\t<\/span>\n\t\t\t\t\t<\/button>\n\t\t\t\t<\/div>\n\t\t\t<\/div>\n\t\t<\/form>\n\t\t\t\t<\/div>\n\t\t\t\t<\/div>\n\t\t\t\t\t<\/div>\n\t\t<\/div>\n\t\t\t\t\t<\/div>\n\t\t<\/section>\n\t\t\t\t<\/div>\n\t\t","protected":false},"excerpt":{"rendered":"<p>Novedades Suscr\u00edbase a nuestro bolet\u00edn y recibe m\u00e1s informaci\u00f3n<\/p>\n","protected":false},"author":1,"featured_media":0,"parent":0,"menu_order":0,"comment_status":"closed","ping_status":"closed","template":"elementor_header_footer","meta":{"footnotes":""},"class_list":["post-48","page","type-page","status-publish","hentry","entry","has-media"],"_links":{"self":[{"href":"https:\/\/fecorptech.com\/es\/wp-json\/wp\/v2\/pages\/48"}],"collection":[{"href":"https:\/\/fecorptech.com\/es\/wp-json\/wp\/v2\/pages"}],"about":[{"href":"https:\/\/fecorptech.com\/es\/wp-json\/wp\/v2\/types\/page"}],"author":[{"embeddable":true,"href":"https:\/\/fecorptech.com\/es\/wp-json\/wp\/v2\/users\/1"}],"replies":[{"embeddable":true,"href":"https:\/\/fecorptech.com\/es\/wp-json\/wp\/v2\/comments?post=48"}],"version-history":[{"count":30,"href":"https:\/\/fecorptech.com\/es\/wp-json\/wp\/v2\/pages\/48\/revisions"}],"predecessor-version":[{"id":15942,"href":"https:\/\/fecorptech.com\/es\/wp-json\/wp\/v2\/pages\/48\/revisions\/15942"}],"wp:attachment":[{"href":"https:\/\/fecorptech.com\/es\/wp-json\/wp\/v2\/media?parent=48"}],"curies":[{"name":"wp","href":"https:\/\/api.w.org\/{rel}","templated":true}]}}